{"id":469,"date":"2014-04-02T12:51:57","date_gmt":"2014-04-02T12:51:57","guid":{"rendered":"http:\/\/b2ontwerpstudio.nl\/?page_id=469"},"modified":"2018-11-22T13:00:09","modified_gmt":"2018-11-22T13:00:09","slug":"visie","status":"publish","type":"page","link":"https:\/\/b2ontwerpstudio.nl\/?page_id=469","title":{"rendered":"Filosofie"},"content":{"rendered":"<div class=\"row\"> <div class=\"col-md-2  \">\n<p><img loading=\"lazy\" decoding=\"async\" style=\"margin-top: 2px; margin-bottom: 10px; width: 150px; height: 150px; border-width: 0px; border-style: solid;\" src=\"http:\/\/b2ontwerpstudio.nl\/wp-content\/uploads\/2013\/07\/nederland-in-twee-kleur-landbouw-lijnen-per-provincie.png\" alt=\"\" width=\"591\" height=\"594\" \/><img loading=\"lazy\" decoding=\"async\" style=\"margin-top: 2px; margin-bottom: 10px; width: 150px; height: 150px; border-width: 0px; border-style: solid;\" src=\"http:\/\/b2ontwerpstudio.nl\/wp-content\/uploads\/2013\/07\/socrates.png\" alt=\"\" width=\"593\" height=\"593\" \/><img loading=\"lazy\" decoding=\"async\" style=\"text-align: left; margin-top: 2px; margin-bottom: 10px; width: 150px; height: 150px;\" src=\"http:\/\/b2ontwerpstudio.nl\/wp-content\/uploads\/2013\/07\/dynamische-processen_2INCL-TRIAS-T.png\" alt=\"\" width=\"591\" height=\"591\" \/><img loading=\"lazy\" decoding=\"async\" style=\"margin-top: 2px; margin-bottom: 10px; width: 150px; height: 150px;\" src=\"http:\/\/b2ontwerpstudio.nl\/wp-content\/uploads\/2014\/04\/natuur-Aarde-en-maan.png\" alt=\"\" width=\"591\" height=\"591\" \/><img loading=\"lazy\" decoding=\"async\" style=\"margin-top: 2px; margin-bottom: 10px; width: 150px; height: 150px;\" src=\"http:\/\/b2ontwerpstudio.nl\/wp-content\/uploads\/2013\/07\/Architectuur-.png\" alt=\"\" width=\"593\" height=\"593\" \/><img decoding=\"async\" style=\"margin-top: 2px; margin-bottom: 2px; width: 150px; height: 190px;\" src=\"http:\/\/b2ontwerpstudio.nl\/wp-content\/uploads\/2013\/07\/Identiteit_10.png\" alt=\"\" \/><\/p>\n<\/div><div class=\"col-md-8  \">\n<p style=\"text-align: justify;\"><strong>Cultuur<\/strong><\/p>\n<p style=\"text-align: justify;\">Onze gedragingen en uitingen vinden plaats binnen een culturele context. Volken, stammen, families en\u00a0individuen wisselen informatie op vele manieren uit. Veel van deze uitingen worden\u00a0 voorzien van vorm, kleur en verbeelding, \u00a0gerelateerd aan de cultuur, of geleend, en\/of eigengemaakt aan de cultuur van\u00a0een ander.<\/p>\n<p>&nbsp;<\/p>\n<p>&nbsp;<\/p>\n<p style=\"text-align: justify;\"><strong>Kennis<\/strong><\/p>\n<p>Filosofie\u00a0en wetenschap zijn kennis borgende en ontwikkelende instrumenten zij\u00a0vertalen (tijdelijk) inzicht over bewustwording en feitelijkheden binnen onze belevingswereld. Dit beschreven \u00a0in het besef dat vrijwel elke filosofie onder invloed staat van stroming en tijd\u00a0en de heersende\u00a0wetenschap verandert dus beinvloed wordt door nieuwe inzichten. De verschijningsvorm en het gebruik van het landschap is aan filosofie en wetenschappelijke kennis onderhevig.<\/p>\n<p>&nbsp;<\/p>\n<p style=\"text-align: justify;\"><strong>Dynamiek<\/strong><\/p>\n<p style=\"text-align: justify;\">Verval,\u00a0transformatie\u00a0en successie\u00a0zijn alles bepalende invloeden\u00a0in onze leefomgeving en gerelateerd aan de leefomgeving. De \u00e9\u00e9n door de evolutie ingegeven de ander als gevolg van al dan niet menselijk ingrijpen. Het \u00e9\u00e9n meer be\u00efnvloedbaar dan het ander. Ons bewustzijn en handelen\u00a0en de toedracht van de dynamiek\u00a0zijn bepalende factoren in de voortgang\u00a0van de trias dynamica. De eigenschappen\u00a0van ons landschappelijk raamwerk worden bepaald door kwaliteit van onze vindingrijkheid en wetgevende actoren\u00a0van het dynamische proces.<\/p>\n<p>&nbsp;<\/p>\n<p style=\"text-align: justify;\"><strong>Natuur<\/strong><\/p>\n<p style=\"text-align: justify;\">De Natuur bevat de stille en levende kracht. Is een autonoom gegeven, onze gedragingen en\u00a0uitingen vinden er hun oorsprong en zijn overwegend gerelateerd aan de zichtbare en onzichtbare elementen. De natuur heeft de opmerkelijke eigenschap \u00a0zich slechts tijdelijk\u00a0te laten vormgeven onder\u00a0\u00a0invloed van onze activiteiten.<\/p>\n<p>&nbsp;<\/p>\n<p>&nbsp;<\/p>\n<p style=\"text-align: justify;\"><strong>Architectuur<\/strong><\/p>\n<p style=\"text-align: justify;\">Onze vormgevende macht \u00a0is beperkt tot een tijdelijke werkelijkheid, haar verbeeldingskracht is verbonden aan de toegevoegde kwaliteit van de vormgever en het spanningsveld van ruimte, vormgeving, natuur , cultuur en technologie.<\/p>\n<p>&nbsp;<\/p>\n<p>&nbsp;<\/p>\n<p>&nbsp;<\/p>\n<p style=\"text-align: justify;\"><strong>Identiteit<\/strong><\/p>\n<p style=\"text-align: justify;\">Ontstaat vanuit een waardeoordeel en wordt vertaald als onderdeel van een beeldmerk in verbinding met de overheersende cultuur, is herkenbaar en beleefbaar, en is van toegevoegde waarde. Geeft blijk van generatief bestaansrecht \u00a0en doet op korte\u00a0termijn recht aan de vraag van het publiek of de individu en is omvat door de geest van het tijdperk . \u00a0(Koen Bos en\u00a0<em>lexicon 2005)<\/em><\/p>\n<\/div><div class=\"col-md-2  \">\n<\/div><\/div>\n","protected":false},"excerpt":{"rendered":"","protected":false},"author":1,"featured_media":0,"parent":0,"menu_order":0,"comment_status":"open","ping_status":"open","template":"page-fullwidth.php","meta":{"footnotes":""},"class_list":["post-469","page","type-page","status-publish","hentry"],"_links":{"self":[{"href":"https:\/\/b2ontwerpstudio.nl\/index.php?rest_route=\/wp\/v2\/pages\/469"}],"collection":[{"href":"https:\/\/b2ontwerpstudio.nl\/index.php?rest_route=\/wp\/v2\/pages"}],"about":[{"href":"https:\/\/b2ontwerpstudio.nl\/index.php?rest_route=\/wp\/v2\/types\/page"}],"author":[{"embeddable":true,"href":"https:\/\/b2ontwerpstudio.nl\/index.php?rest_route=\/wp\/v2\/users\/1"}],"replies":[{"embeddable":true,"href":"https:\/\/b2ontwerpstudio.nl\/index.php?rest_route=%2Fwp%2Fv2%2Fcomments&post=469"}],"version-history":[{"count":40,"href":"https:\/\/b2ontwerpstudio.nl\/index.php?rest_route=\/wp\/v2\/pages\/469\/revisions"}],"predecessor-version":[{"id":1212,"href":"https:\/\/b2ontwerpstudio.nl\/index.php?rest_route=\/wp\/v2\/pages\/469\/revisions\/1212"}],"wp:attachment":[{"href":"https:\/\/b2ontwerpstudio.nl\/index.php?rest_route=%2Fwp%2Fv2%2Fmedia&parent=469"}],"curies":[{"name":"wp","href":"https:\/\/api.w.org\/{rel}","templated":true}]}}